{"id":11500,"date":"2021-12-17T16:28:35","date_gmt":"2021-12-17T21:28:35","guid":{"rendered":"https:\/\/www.yorku.ca\/convocation\/long-range-dates\/"},"modified":"2025-12-15T09:45:48","modified_gmt":"2025-12-15T14:45:48","slug":"long-range-dates","status":"publish","type":"page","link":"https:\/\/www.yorku.ca\/convocation\/long-range-dates\/?lang=fr","title":{"rendered":"Dates de remise des dipl\u00f4mes dans les prochaines ann\u00e9es"},"content":{"rendered":"\n<p>Veuillez noter que les dates indiqu\u00e9es ci-dessous peuvent changer.&nbsp;<\/p>\n\n\n\n<p><\/p>\n\n\n\n<div style=\"height:20px\" aria-hidden=\"true\" class=\"wp-block-spacer\"><\/div>\n\n\n\n<figure class=\"wp-block-table is-style-stripes\"><table><thead><tr><th><strong>Ann\u00e9e<\/strong>&nbsp;<\/th><th><strong>Dates de la c\u00e9r\u00e9monie<\/strong><\/th><\/tr><\/thead><tbody><tr><td>Printemps 2026<\/td><td>Du mercredi\u202f10\u202fjuin au vendredi\u202f12\u202fjuin et du lundi\u202f15\u202fjuin au vendredi\u202f19\u202fjuin&nbsp;<\/td><\/tr><tr><td>Automne\u202f 2026<\/td><td>Du mercredi\u202f14\u202foctobre au vendredi\u202f16\u202foctobre et le vendredi\u202f23\u202foctobre&nbsp;<\/td><\/tr><tr><td>Printemps 2027<\/td><td>Du mercredi\u202f9\u202fjuin au vendredi\u202f11\u202fjuin et du lundi\u202f14\u202fjuin au vendredi\u202f18\u202fjuin&nbsp;<\/td><\/tr><tr><td>Automne\u202f 2027<\/td><td>Du mercredi\u202f13\u202foctobre au vendredi\u202f15\u202foctobre et le vendredi\u202f22\u202foctobre&nbsp;<\/td><\/tr><tr><td>Printemps 2028<\/td><td>Du mercredi\u202f14\u202fjuin au vendredi\u202f16\u202fjuin et du lundi\u202f19\u202fjuin au vendredi\u202f23\u202fjuin<\/td><\/tr><tr><td>Automne\u202f 2028<\/td><td>Du mercredi\u202f11\u202foctobre au vendredi\u202f13\u202foctobre et le vendredi\u202f20\u202foctobre&nbsp;<\/td><\/tr><\/tbody><\/table><\/figure>\n\n\n\n<div style=\"height:368px\" aria-hidden=\"true\" class=\"wp-block-spacer\"><\/div>\n\n\n\n<p><\/p>\n","protected":false},"excerpt":{"rendered":"<p>Veuillez noter que les dates indiqu\u00e9es ci-dessous peuvent changer.&nbsp; Ann\u00e9e&nbsp; Dates de la c\u00e9r\u00e9monie Printemps 2026 Du mercredi\u202f10\u202fjuin au vendredi\u202f12\u202fjuin et du lundi\u202f15\u202fjuin au vendredi\u202f19\u202fjuin&nbsp; Automne\u202f 2026 Du mercredi\u202f14\u202foctobre au vendredi\u202f16\u202foctobre et le vendredi\u202f23\u202foctobre&nbsp; Printemps 2027 Du mercredi\u202f9\u202fjuin au vendredi\u202f11\u202fjuin et du lundi\u202f14\u202fjuin au vendredi\u202f18\u202fjuin&nbsp; Automne\u202f 2027 Du mercredi\u202f13\u202foctobre au vendredi\u202f15\u202foctobre et le vendredi\u202f22\u202foctobre&nbsp; Printemps [&hellip;]<\/p>\n","protected":false},"author":307,"featured_media":0,"parent":0,"menu_order":0,"comment_status":"closed","ping_status":"closed","template":"","meta":{"_kad_blocks_custom_css":"","_kad_blocks_head_custom_js":"","_kad_blocks_body_custom_js":"","_kad_blocks_footer_custom_js":"","footnotes":""},"tags":[],"class_list":["post-11500","page","type-page","status-publish","hentry"],"taxonomy_info":[],"featured_image_src_large":false,"author_info":{"display_name":"lechris","author_link":"https:\/\/www.yorku.ca\/convocation\/author\/lechris\/"},"comment_info":"","_links":{"self":[{"href":"https:\/\/www.yorku.ca\/convocation\/wp-json\/wp\/v2\/pages\/11500","targetHints":{"allow":["GET"]}}],"collection":[{"href":"https:\/\/www.yorku.ca\/convocation\/wp-json\/wp\/v2\/pages"}],"about":[{"href":"https:\/\/www.yorku.ca\/convocation\/wp-json\/wp\/v2\/types\/page"}],"author":[{"embeddable":true,"href":"https:\/\/www.yorku.ca\/convocation\/wp-json\/wp\/v2\/users\/307"}],"replies":[{"embeddable":true,"href":"https:\/\/www.yorku.ca\/convocation\/wp-json\/wp\/v2\/comments?post=11500"}],"version-history":[{"count":4,"href":"https:\/\/www.yorku.ca\/convocation\/wp-json\/wp\/v2\/pages\/11500\/revisions"}],"predecessor-version":[{"id":17213,"href":"https:\/\/www.yorku.ca\/convocation\/wp-json\/wp\/v2\/pages\/11500\/revisions\/17213"}],"wp:attachment":[{"href":"https:\/\/www.yorku.ca\/convocation\/wp-json\/wp\/v2\/media?parent=11500"}],"wp:term":[{"taxonomy":"post_tag","embeddable":true,"href":"https:\/\/www.yorku.ca\/convocation\/wp-json\/wp\/v2\/tags?post=11500"}],"curies":[{"name":"wp","href":"https:\/\/api.w.org\/{rel}","templated":true}]}}