{"id":2,"date":"2020-06-24T15:04:51","date_gmt":"2020-06-24T19:04:51","guid":{"rendered":"http:\/\/www.yorku.ca\/master\/?page_id=2"},"modified":"2023-04-07T14:01:19","modified_gmt":"2023-04-07T18:01:19","slug":"home","status":"publish","type":"page","link":"https:\/\/www.yorku.ca\/events\/csll\/","title":{"rendered":"Welcome to the Canadian Symposium on Language and Law"},"content":{"rendered":"\n<div style=\"height:20px\" aria-hidden=\"true\" class=\"wp-block-spacer\"><\/div>\n\n\n\n<p><meta charset=\"utf-8\">Within Canada and around the globe, a growing number of social justice issues have emerged at the intersection of language and the law. Internationally, the interdisciplinary field of language and law has responded to these issues with the development of international conferences, journals, and associations. Despite these advances, these venues have not been successful in drawing attention to the unique legal and linguistic context of Canada or enhancing links between the academy and Canadian practitioners that could benefit from the research being produced.&nbsp;<\/p>\n\n\n\n<p><meta charset=\"utf-8\">The social and legal context of Canada is of special interest to those in the language and law field as Canada is officially a bilingual country with a bijural legal system. Additionally, Indigenous languages are increasingly recognized at official levels (e.g., Inuktitut in Nunavut), and Indigenous cultural norms are often brought into contact with colonial laws and legal and policing norms, resulting in intercultural\/interlinguistic interactions in the legal process. Canada\u2019s multicultural and multilingual settler population also creates the potential for intercultural\/interlinguistic communication in legal or sociolegal contexts, for example, in police-civilian interactions, lawyer-client interactions, courtroom interactions, etc.<\/p>\n\n\n\n<div style=\"height:20px\" aria-hidden=\"true\" class=\"wp-block-spacer\"><\/div>\n\n\n\n<div class=\"wp-block-group grey-bg-block has-very-light-gray-background-color has-background\"><div class=\"wp-block-group__inner-container is-layout-flow wp-block-group-is-layout-flow\">\n<div class=\"wp-block-group border-lg border-primary p-4\"><div class=\"wp-block-group__inner-container is-layout-flow wp-block-group-is-layout-flow\">\n<h2 class=\"wp-block-heading\"><meta charset=\"utf-8\">Plenary Speakers<\/h2>\n\n\n\n<div class=\"wp-block-columns is-layout-flex wp-container-core-columns-is-layout-1 wp-block-columns-is-layout-flex\">\n<div class=\"wp-block-column is-layout-flow wp-block-column-is-layout-flow\">\n<p>Dr. Elizabeth Allyn Smith (Universit\u00e9 du Qu\u00e9bec \u00e0 Montr\u00e9al, QC)<\/p>\n\n\n\n<p>Dr. Lorna Fadden (BC First Nations Justice Council, BC)&nbsp;<\/p>\n\n\n\n<p>Dr. Janny Leung (Wilfrid Laurier University, ON)<\/p>\n<\/div>\n\n\n\n<div class=\"wp-block-column is-layout-flow wp-block-column-is-layout-flow\">\n<p>Dr. Kirk Luther (Carleton University, ON)<\/p>\n\n\n\n<p>Professor Naiomi Metallic (Dalhousie University, NS)<\/p>\n<\/div>\n<\/div>\n<\/div><\/div>\n<\/div><\/div>\n\n\n\n<div style=\"height:40px\" aria-hidden=\"true\" class=\"wp-block-spacer\"><\/div>\n\n\n\n<div class=\"wp-block-columns is-layout-flex wp-container-core-columns-is-layout-2 wp-block-columns-is-layout-flex\">\n<div class=\"wp-block-column is-layout-flow wp-block-column-is-layout-flow\">\n<hr class=\"wp-block-separator\"\/>\n\n\n\n<h2 class=\"wp-block-heading\">Important Dates <\/h2>\n<\/div>\n\n\n\n<div class=\"wp-block-column is-layout-flow wp-block-column-is-layout-flow\">\n<hr class=\"wp-block-separator\"\/>\n\n\n\n<h3 class=\"h5 text-uppercase text-primary wp-block-heading\">Conference Information<\/h3>\n\n\n\n<p><strong>Location:<\/strong> York University<\/p>\n\n\n\n<p><strong>Dates:<\/strong> June 16 - 18, 2023<\/p>\n<\/div>\n\n\n\n<div class=\"wp-block-column is-layout-flow wp-block-column-is-layout-flow\">\n<hr class=\"wp-block-separator\"\/>\n\n\n\n<h3 class=\"h5 text-uppercase text-primary wp-block-heading\">Call for Papers<\/h3>\n\n\n\n<p><strong>Due Date: <\/strong>January 31, 2023<\/p>\n\n\n\n<p><a href=\"https:\/\/www.yorku.ca\/events\/csll\/call-for-papers\/\">More information<\/a><\/p>\n<\/div>\n\n\n\n<div class=\"wp-block-column is-layout-flow wp-block-column-is-layout-flow\">\n<hr class=\"wp-block-separator\"\/>\n\n\n\n<h3 class=\"h5 text-uppercase text-primary wp-block-heading\">Registration<\/h3>\n\n\n\n<p><strong>Now open!<\/strong><\/p>\n\n\n\n<p><a href=\"https:\/\/www.yorku.ca\/events\/csll\/registration\/\">More information<\/a><\/p>\n<\/div>\n<\/div>\n\n\n\n<div style=\"height:40px\" aria-hidden=\"true\" class=\"wp-block-spacer\"><\/div>\n\n\n\n<div class=\"wp-block-cover has-background-dim-30 has-cyan-bluish-gray-background-color has-background-dim imagecta-block full-width\"><img loading=\"lazy\" decoding=\"async\" width=\"2560\" height=\"1707\" class=\"wp-block-cover__image-background wp-image-240\" alt=\"\" src=\"https:\/\/www.yorku.ca\/events\/csll\/wp-content\/uploads\/sites\/661\/2022\/12\/thomas-lefebvre-gp8BLyaTaA0-unsplash-scaled.jpg\" style=\"object-position:32% 56%\" data-object-fit=\"cover\" data-object-position=\"32% 56%\" srcset=\"https:\/\/www.yorku.ca\/events\/csll\/wp-content\/uploads\/sites\/661\/2022\/12\/thomas-lefebvre-gp8BLyaTaA0-unsplash-scaled.jpg 2560w, https:\/\/www.yorku.ca\/events\/csll\/wp-content\/uploads\/sites\/661\/2022\/12\/thomas-lefebvre-gp8BLyaTaA0-unsplash-400x267.jpg 400w, https:\/\/www.yorku.ca\/events\/csll\/wp-content\/uploads\/sites\/661\/2022\/12\/thomas-lefebvre-gp8BLyaTaA0-unsplash-1024x683.jpg 1024w, https:\/\/www.yorku.ca\/events\/csll\/wp-content\/uploads\/sites\/661\/2022\/12\/thomas-lefebvre-gp8BLyaTaA0-unsplash-1536x1024.jpg 1536w, https:\/\/www.yorku.ca\/events\/csll\/wp-content\/uploads\/sites\/661\/2022\/12\/thomas-lefebvre-gp8BLyaTaA0-unsplash-2048x1365.jpg 2048w\" sizes=\"auto, (max-width: 2560px) 100vw, 2560px\" \/><div class=\"wp-block-cover__inner-container is-layout-flow wp-block-cover-is-layout-flow\">\n<p class=\"container text-white has-large-font-size\"><a href=\"https:\/\/www.yorku.ca\/events\/csll\/registration\/\">Register Now <i class=\"fas fa-chevron-right\"><\/i><\/a><\/p>\n<\/div><\/div>\n\n\n\n<div style=\"height:40px\" aria-hidden=\"true\" class=\"wp-block-spacer\"><\/div>\n\n\n\n<h2 class=\"wp-block-heading\"><strong>Organizing Committee<\/strong><\/h2>\n\n\n\n<div class=\"wp-block-columns is-layout-flex wp-container-core-columns-is-layout-3 wp-block-columns-is-layout-flex\">\n<div class=\"wp-block-column is-layout-flow wp-block-column-is-layout-flow\">\n<p>Dr. Philipp Angermeyer<\/p>\n\n\n\n<p>Dr. Susan Ehrlich<\/p>\n\n\n\n<p>Marianne Laplante<\/p>\n<\/div>\n\n\n\n<div class=\"wp-block-column is-layout-flow wp-block-column-is-layout-flow\">\n<p>Brittney O\u2019Neill<\/p>\n\n\n\n<p>Dakota Wing<\/p>\n<\/div>\n<\/div>\n\n\n\n<div style=\"height:40px\" aria-hidden=\"true\" class=\"wp-block-spacer\"><\/div>\n\n\n\n<div class=\"wp-block-group grey-bg-block has-very-light-gray-background-color has-background\"><div class=\"wp-block-group__inner-container is-layout-flow wp-block-group-is-layout-flow\">\n<div class=\"wp-block-group\"><div class=\"wp-block-group__inner-container is-layout-flow wp-block-group-is-layout-flow\">\n<h2 class=\"wp-block-heading\">Funders<\/h2>\n\n\n\n<div class=\"wp-block-columns is-layout-flex wp-container-core-columns-is-layout-4 wp-block-columns-is-layout-flex\">\n<div class=\"wp-block-column is-layout-flow wp-block-column-is-layout-flow\" style=\"flex-basis:66.66%\">\n<figure class=\"wp-block-image size-large\"><a href=\"https:\/\/www.sshrc-crsh.gc.ca\/home-accueil-eng.aspx\" target=\"_blank\" rel=\"noopener\"><img loading=\"lazy\" decoding=\"async\" width=\"1024\" height=\"100\" src=\"https:\/\/www.yorku.ca\/events\/csll\/wp-content\/uploads\/sites\/661\/2023\/01\/sshrc-fip-full-color-eng-1024x100.png\" alt=\"Social Sciences and Humanities Research Council of Canada Logo\" class=\"wp-image-277\" srcset=\"https:\/\/www.yorku.ca\/events\/csll\/wp-content\/uploads\/sites\/661\/2023\/01\/sshrc-fip-full-color-eng-1024x100.png 1024w, https:\/\/www.yorku.ca\/events\/csll\/wp-content\/uploads\/sites\/661\/2023\/01\/sshrc-fip-full-color-eng-400x39.png 400w, https:\/\/www.yorku.ca\/events\/csll\/wp-content\/uploads\/sites\/661\/2023\/01\/sshrc-fip-full-color-eng-1536x151.png 1536w, https:\/\/www.yorku.ca\/events\/csll\/wp-content\/uploads\/sites\/661\/2023\/01\/sshrc-fip-full-color-eng-2048x201.png 2048w\" sizes=\"auto, (max-width: 1024px) 100vw, 1024px\" \/><\/a><\/figure>\n\n\n\n<div class=\"wp-block-image\"><figure class=\"alignleft size-full is-resized\"><a href=\"https:\/\/cla-acl.ca\/\" target=\"_blank\" rel=\"noopener\"><img loading=\"lazy\" decoding=\"async\" src=\"https:\/\/www.yorku.ca\/events\/csll\/wp-content\/uploads\/sites\/661\/2023\/01\/cla-acl-black-square-256.png\" alt=\"Canadian Linguistic Association\/Association Canadienne de Linguistique logo\" class=\"wp-image-267\" width=\"85\" height=\"85\" srcset=\"https:\/\/www.yorku.ca\/events\/csll\/wp-content\/uploads\/sites\/661\/2023\/01\/cla-acl-black-square-256.png 256w, https:\/\/www.yorku.ca\/events\/csll\/wp-content\/uploads\/sites\/661\/2023\/01\/cla-acl-black-square-256-150x150.png 150w\" sizes=\"auto, (max-width: 85px) 100vw, 85px\" \/><\/a><\/figure><\/div>\n<\/div>\n\n\n\n<div class=\"wp-block-column is-layout-flow wp-block-column-is-layout-flow\" style=\"flex-basis:33.33%\">\n<p><a href=\"https:\/\/www.yorku.ca\/\" target=\"_blank\" rel=\"noreferrer noopener\">York University<\/a><\/p>\n\n\n\n<p><a href=\"https:\/\/www.yorku.ca\/laps\/\" target=\"_blank\" rel=\"noreferrer noopener\">Faculty of Liberal Arts &amp; Professional Studies (LAPS)<\/a><\/p>\n\n\n\n<p><a href=\"https:\/\/www.yorku.ca\/laps\/dlll\/\" target=\"_blank\" rel=\"noreferrer noopener\">Department of Languages, Literatures, and Linguistics<\/a><\/p>\n\n\n\n<p><a href=\"http:\/\/lal.gradstudies.yorku.ca\/\" target=\"_blank\" rel=\"noreferrer noopener\">Graduate Program in Linguistics &amp; Applied Linguistics<\/a><\/p>\n\n\n\n<p><a href=\"https:\/\/www.yorku.ca\/laps\/eso\/\" target=\"_blank\" rel=\"noreferrer noopener\">eServices Office<\/a><\/p>\n<\/div>\n<\/div>\n<\/div><\/div>\n<\/div><\/div>\n\n\n\n<p><\/p>\n","protected":false},"excerpt":{"rendered":"<p>Within Canada and around the globe, a growing number of social justice issues have emerged at the intersection of language and the law. Internationally, the interdisciplinary field of language and law has responded to these issues with the development of international conferences, journals, and associations. Despite these advances, these venues have not been successful in [&hellip;]<\/p>\n","protected":false},"author":2,"featured_media":259,"parent":0,"menu_order":0,"comment_status":"closed","ping_status":"closed","template":"","meta":{"_kad_blocks_custom_css":"","_kad_blocks_head_custom_js":"","_kad_blocks_body_custom_js":"","_kad_blocks_footer_custom_js":"","footnotes":""},"tags":[12,14,15,16,11],"class_list":["post-2","page","type-page","status-publish","has-post-thumbnail","hentry","tag-canadian-symposium-on-language-and-law-event","tag-event","tag-everyone","tag-june-16-18","tag-symposium"],"yoast_head":"<!-- This site is optimized with the Yoast SEO plugin v24.0 - https:\/\/yoast.com\/wordpress\/plugins\/seo\/ -->\n<title>The Canadian Symposium on Language and Law Conference<\/title>\n<meta name=\"description\" content=\"The Canadian Symposium on Language and Law conference will be held on June 16 - 18, 2023 at York University. Register on March 1, 2023.\" \/>\n<meta name=\"robots\" content=\"index, follow, max-snippet:-1, max-image-preview:large, max-video-preview:-1\" \/>\n<link rel=\"canonical\" href=\"https:\/\/www.yorku.ca\/events\/csll\/\" \/>\n<meta property=\"og:locale\" content=\"en_US\" \/>\n<meta property=\"og:type\" content=\"article\" \/>\n<meta property=\"og:title\" content=\"The Canadian Symposium on Language and Law Conference\" \/>\n<meta property=\"og:description\" content=\"The Canadian Symposium on Language and Law conference will be held on June 16 - 18, 2023 at York University. Register on March 1, 2023.\" \/>\n<meta property=\"og:url\" content=\"https:\/\/www.yorku.ca\/events\/csll\/\" \/>\n<meta property=\"og:site_name\" content=\"Canadian Symposium on Language and Law\" \/>\n<meta property=\"article:modified_time\" content=\"2023-04-07T18:01:19+00:00\" \/>\n<meta property=\"og:image\" content=\"https:\/\/www.yorku.ca\/events\/csll\/wp-content\/uploads\/sites\/661\/2022\/12\/CSLLBanner.jpg\" \/>\n\t<meta property=\"og:image:width\" content=\"1536\" \/>\n\t<meta property=\"og:image:height\" content=\"430\" \/>\n\t<meta property=\"og:image:type\" content=\"image\/jpeg\" \/>\n<meta name=\"twitter:card\" content=\"summary_large_image\" \/>\n<meta name=\"twitter:label1\" content=\"Est. reading time\" \/>\n\t<meta name=\"twitter:data1\" content=\"2 minutes\" \/>\n<script type=\"application\/ld+json\" class=\"yoast-schema-graph\">{\"@context\":\"https:\/\/schema.org\",\"@graph\":[{\"@type\":\"WebPage\",\"@id\":\"https:\/\/www.yorku.ca\/events\/csll\/\",\"url\":\"https:\/\/www.yorku.ca\/events\/csll\/\",\"name\":\"The Canadian Symposium on Language and Law Conference\",\"isPartOf\":{\"@id\":\"https:\/\/www.yorku.ca\/events\/csll\/#website\"},\"primaryImageOfPage\":{\"@id\":\"https:\/\/www.yorku.ca\/events\/csll\/#primaryimage\"},\"image\":{\"@id\":\"https:\/\/www.yorku.ca\/events\/csll\/#primaryimage\"},\"thumbnailUrl\":\"https:\/\/www.yorku.ca\/events\/csll\/wp-content\/uploads\/sites\/661\/2022\/12\/CSLLBanner.jpg\",\"datePublished\":\"2020-06-24T19:04:51+00:00\",\"dateModified\":\"2023-04-07T18:01:19+00:00\",\"description\":\"The Canadian Symposium on Language and Law conference will be held on June 16 - 18, 2023 at York University. Register on March 1, 2023.\",\"breadcrumb\":{\"@id\":\"https:\/\/www.yorku.ca\/events\/csll\/#breadcrumb\"},\"inLanguage\":\"en-US\",\"potentialAction\":[{\"@type\":\"ReadAction\",\"target\":[\"https:\/\/www.yorku.ca\/events\/csll\/\"]}]},{\"@type\":\"ImageObject\",\"inLanguage\":\"en-US\",\"@id\":\"https:\/\/www.yorku.ca\/events\/csll\/#primaryimage\",\"url\":\"https:\/\/www.yorku.ca\/events\/csll\/wp-content\/uploads\/sites\/661\/2022\/12\/CSLLBanner.jpg\",\"contentUrl\":\"https:\/\/www.yorku.ca\/events\/csll\/wp-content\/uploads\/sites\/661\/2022\/12\/CSLLBanner.jpg\",\"width\":1536,\"height\":430,\"caption\":\"Canadian Symposium on Language and Law banner with picture of a scale\"},{\"@type\":\"BreadcrumbList\",\"@id\":\"https:\/\/www.yorku.ca\/events\/csll\/#breadcrumb\",\"itemListElement\":[{\"@type\":\"ListItem\",\"position\":1,\"name\":\"Home\",\"item\":\"https:\/\/www.yorku.ca\/events\/csll\/\"},{\"@type\":\"ListItem\",\"position\":2,\"name\":\"Welcome to the Canadian Symposium on Language and Law\"}]},{\"@type\":\"WebSite\",\"@id\":\"https:\/\/www.yorku.ca\/events\/csll\/#website\",\"url\":\"https:\/\/www.yorku.ca\/events\/csll\/\",\"name\":\"Canadian Symposium on Language and Law\",\"description\":\"\",\"potentialAction\":[{\"@type\":\"SearchAction\",\"target\":{\"@type\":\"EntryPoint\",\"urlTemplate\":\"https:\/\/www.yorku.ca\/events\/csll\/?s={search_term_string}\"},\"query-input\":{\"@type\":\"PropertyValueSpecification\",\"valueRequired\":true,\"valueName\":\"search_term_string\"}}],\"inLanguage\":\"en-US\"}]}<\/script>\n<!-- \/ Yoast SEO plugin. -->","yoast_head_json":{"title":"The Canadian Symposium on Language and Law Conference","description":"The Canadian Symposium on Language and Law conference will be held on June 16 - 18, 2023 at York University. Register on March 1, 2023.","robots":{"index":"index","follow":"follow","max-snippet":"max-snippet:-1","max-image-preview":"max-image-preview:large","max-video-preview":"max-video-preview:-1"},"canonical":"https:\/\/www.yorku.ca\/events\/csll\/","og_locale":"en_US","og_type":"article","og_title":"The Canadian Symposium on Language and Law Conference","og_description":"The Canadian Symposium on Language and Law conference will be held on June 16 - 18, 2023 at York University. Register on March 1, 2023.","og_url":"https:\/\/www.yorku.ca\/events\/csll\/","og_site_name":"Canadian Symposium on Language and Law","article_modified_time":"2023-04-07T18:01:19+00:00","og_image":[{"width":1536,"height":430,"url":"https:\/\/www.yorku.ca\/events\/csll\/wp-content\/uploads\/sites\/661\/2022\/12\/CSLLBanner.jpg","type":"image\/jpeg"}],"twitter_card":"summary_large_image","twitter_misc":{"Est. reading time":"2 minutes"},"schema":{"@context":"https:\/\/schema.org","@graph":[{"@type":"WebPage","@id":"https:\/\/www.yorku.ca\/events\/csll\/","url":"https:\/\/www.yorku.ca\/events\/csll\/","name":"The Canadian Symposium on Language and Law Conference","isPartOf":{"@id":"https:\/\/www.yorku.ca\/events\/csll\/#website"},"primaryImageOfPage":{"@id":"https:\/\/www.yorku.ca\/events\/csll\/#primaryimage"},"image":{"@id":"https:\/\/www.yorku.ca\/events\/csll\/#primaryimage"},"thumbnailUrl":"https:\/\/www.yorku.ca\/events\/csll\/wp-content\/uploads\/sites\/661\/2022\/12\/CSLLBanner.jpg","datePublished":"2020-06-24T19:04:51+00:00","dateModified":"2023-04-07T18:01:19+00:00","description":"The Canadian Symposium on Language and Law conference will be held on June 16 - 18, 2023 at York University. Register on March 1, 2023.","breadcrumb":{"@id":"https:\/\/www.yorku.ca\/events\/csll\/#breadcrumb"},"inLanguage":"en-US","potentialAction":[{"@type":"ReadAction","target":["https:\/\/www.yorku.ca\/events\/csll\/"]}]},{"@type":"ImageObject","inLanguage":"en-US","@id":"https:\/\/www.yorku.ca\/events\/csll\/#primaryimage","url":"https:\/\/www.yorku.ca\/events\/csll\/wp-content\/uploads\/sites\/661\/2022\/12\/CSLLBanner.jpg","contentUrl":"https:\/\/www.yorku.ca\/events\/csll\/wp-content\/uploads\/sites\/661\/2022\/12\/CSLLBanner.jpg","width":1536,"height":430,"caption":"Canadian Symposium on Language and Law banner with picture of a scale"},{"@type":"BreadcrumbList","@id":"https:\/\/www.yorku.ca\/events\/csll\/#breadcrumb","itemListElement":[{"@type":"ListItem","position":1,"name":"Home","item":"https:\/\/www.yorku.ca\/events\/csll\/"},{"@type":"ListItem","position":2,"name":"Welcome to the Canadian Symposium on Language and Law"}]},{"@type":"WebSite","@id":"https:\/\/www.yorku.ca\/events\/csll\/#website","url":"https:\/\/www.yorku.ca\/events\/csll\/","name":"Canadian Symposium on Language and Law","description":"","potentialAction":[{"@type":"SearchAction","target":{"@type":"EntryPoint","urlTemplate":"https:\/\/www.yorku.ca\/events\/csll\/?s={search_term_string}"},"query-input":{"@type":"PropertyValueSpecification","valueRequired":true,"valueName":"search_term_string"}}],"inLanguage":"en-US"}]}},"taxonomy_info":{"post_tag":[{"value":12,"label":"Canadian Symposium on Language and Law Event"},{"value":14,"label":"event"},{"value":15,"label":"everyone"},{"value":16,"label":"June 16 - 18"},{"value":11,"label":"Symposium"}]},"featured_image_src_large":["https:\/\/www.yorku.ca\/events\/csll\/wp-content\/uploads\/sites\/661\/2022\/12\/CSLLBanner-1024x287.jpg",1024,287,true],"author_info":{"display_name":"Alice","author_link":"https:\/\/www.yorku.ca\/events\/csll\/author\/alicet\/"},"comment_info":"","_links":{"self":[{"href":"https:\/\/www.yorku.ca\/events\/csll\/wp-json\/wp\/v2\/pages\/2","targetHints":{"allow":["GET"]}}],"collection":[{"href":"https:\/\/www.yorku.ca\/events\/csll\/wp-json\/wp\/v2\/pages"}],"about":[{"href":"https:\/\/www.yorku.ca\/events\/csll\/wp-json\/wp\/v2\/types\/page"}],"author":[{"embeddable":true,"href":"https:\/\/www.yorku.ca\/events\/csll\/wp-json\/wp\/v2\/users\/2"}],"replies":[{"embeddable":true,"href":"https:\/\/www.yorku.ca\/events\/csll\/wp-json\/wp\/v2\/comments?post=2"}],"version-history":[{"count":50,"href":"https:\/\/www.yorku.ca\/events\/csll\/wp-json\/wp\/v2\/pages\/2\/revisions"}],"predecessor-version":[{"id":544,"href":"https:\/\/www.yorku.ca\/events\/csll\/wp-json\/wp\/v2\/pages\/2\/revisions\/544"}],"wp:featuredmedia":[{"embeddable":true,"href":"https:\/\/www.yorku.ca\/events\/csll\/wp-json\/wp\/v2\/media\/259"}],"wp:attachment":[{"href":"https:\/\/www.yorku.ca\/events\/csll\/wp-json\/wp\/v2\/media?parent=2"}],"wp:term":[{"taxonomy":"post_tag","embeddable":true,"href":"https:\/\/www.yorku.ca\/events\/csll\/wp-json\/wp\/v2\/tags?post=2"}],"curies":[{"name":"wp","href":"https:\/\/api.w.org\/{rel}","templated":true}]}}