{"id":253,"date":"2020-09-02T00:06:22","date_gmt":"2020-09-02T04:06:22","guid":{"rendered":"https:\/\/www.yorku.ca\/financedev\/?page_id=253"},"modified":"2025-07-11T15:34:10","modified_gmt":"2025-07-11T19:34:10","slug":"financial-statements","status":"publish","type":"page","link":"https:\/\/www.yorku.ca\/finance\/financial-resources\/financial-statements\/","title":{"rendered":"Financial Statements"},"content":{"rendered":"\n<div class=\"wp-block-columns is-layout-flex wp-container-core-columns-is-layout-1 wp-block-columns-is-layout-flex\">\n<div class=\"wp-block-column is-layout-flow wp-block-column-is-layout-flow\" style=\"flex-basis:100%\">\n<p>York University financial statements are prepared in accordance with accounting principles generally accepted for Canadian universities and in accordance with guidelines developed by the Canadian Association of University Business Officers and accounting standards developed by The Canadian Institute of Chartered Accountants.<\/p>\n<\/div>\n\n\n\n<div class=\"wp-block-column is-layout-flow wp-block-column-is-layout-flow\" style=\"flex-basis:0%\"><\/div>\n<\/div>\n\n\n<style>.kt-accordion-id253_a58701-f9 .kt-accordion-inner-wrap{column-gap:var(--global-kb-gap-md, 2rem);row-gap:8px;}.kt-accordion-id253_a58701-f9 .kt-accordion-panel-inner{padding-top:var(--global-kb-spacing-sm, 1.5rem);padding-right:var(--global-kb-spacing-sm, 1.5rem);padding-bottom:var(--global-kb-spacing-sm, 1.5rem);padding-left:var(--global-kb-spacing-sm, 1.5rem);}.kt-accordion-id253_a58701-f9 .wp-block-kadence-pane .kt-accordion-header-wrap .kt-blocks-accordion-header{padding-top:var(--global-kb-spacing-xxs, 0.5rem);padding-right:var(--global-kb-spacing-xs, 1rem);padding-bottom:var(--global-kb-spacing-xxs, 0.5rem);padding-left:var(--global-kb-spacing-xs, 1rem);}@media all and (max-width: 767px){.kt-accordion-id253_a58701-f9 .kt-accordion-inner-wrap{display:block;}.kt-accordion-id253_a58701-f9 .kt-accordion-inner-wrap .kt-accordion-pane:not(:first-child){margin-top:8px;}}<\/style>\n<div class=\"wp-block-kadence-accordion alignnone\"><div class=\"kt-accordion-wrap kt-accordion-id253_a58701-f9 kt-accordion-has-6-panes kt-active-pane-2 kt-accordion-block kt-pane-header-alignment-left kt-accodion-icon-style-arrow kt-accodion-icon-side-right\" style=\"max-width:none\"><div class=\"kt-accordion-inner-wrap\" data-allow-multiple-open=\"false\" data-start-open=\"2\">\n<div class=\"wp-block-kadence-pane kt-accordion-pane kt-accordion-pane-3 kt-pane253_03fe71-13\"><div class=\"kt-accordion-header-wrap\"><button class=\"kt-blocks-accordion-header kt-acccordion-button-label-show\" type=\"button\"><span class=\"kt-blocks-accordion-title-wrap\"><span class=\"kt-blocks-accordion-title\">2020s<\/span><\/span><span class=\"kt-blocks-accordion-icon-trigger\"><\/span><\/button><\/div><div class=\"kt-accordion-panel kt-accordion-panel-hidden\"><div class=\"kt-accordion-panel-inner\">\n<ul id=\"block-f72638ed-343f-4ae3-be04-17a13a178e30\" class=\"wp-block-list\">\n<li><a href=\"https:\/\/www.yorku.ca\/bam\/wp-content\/uploads\/sites\/899\/2025\/07\/York-University-Financial-Statements-April-30-2025-FINAL.pdf\">Financial Statements April 30, 2025<\/a><\/li>\n\n\n\n<li><a href=\"https:\/\/www.yorku.ca\/finance\/wp-content\/uploads\/sites\/76\/2024\/07\/2024-Consolidated-Financial-Statements.pdf\">Financial Statements April 30, 2024<\/a><\/li>\n\n\n\n<li><a href=\"https:\/\/www.yorku.ca\/finance\/wp-content\/uploads\/sites\/76\/2024\/07\/2024-Consolidated-Financial-Statements_fr_ca.pdf\">\u00c9tats financi\u00e8rs consolid\u00e9s 30 avril 2024<\/a><\/li>\n\n\n\n<li><a href=\"https:\/\/www.yorku.ca\/finance\/wp-content\/uploads\/sites\/76\/2023\/07\/2023-York-University-Consolidated-Financial-Statements.pdf\">Financial Statements April 30, 2023<\/a><\/li>\n\n\n\n<li><a href=\"https:\/\/www.yorku.ca\/finance\/wp-content\/uploads\/sites\/76\/2022\/07\/Consolidated-Financial-Statements-April-30-2022.pdf\" target=\"_blank\" rel=\"noreferrer noopener\">Financial Statements April 30, 2022<\/a><\/li>\n\n\n\n<li><a href=\"https:\/\/www.yorku.ca\/finance\/wp-content\/uploads\/sites\/76\/2022\/07\/2021-Financial-Statements-FINALV2-1.pdf\" target=\"_blank\" rel=\"noreferrer noopener\">Financial Statements April 30, 2021<\/a><\/li>\n\n\n\n<li><a href=\"https:\/\/www.yorku.ca\/finance\/wp-content\/uploads\/sites\/76\/2020\/09\/Financial-Statements-April-2020.pdf\" target=\"_blank\" rel=\"noreferrer noopener\">Financial Statements April 30, 2020<\/a><\/li>\n<\/ul>\n<\/div><\/div><\/div>\n\n\n\n<div class=\"wp-block-kadence-pane kt-accordion-pane kt-accordion-pane-4 kt-pane253_a5aeb5-1a\"><div class=\"kt-accordion-header-wrap\"><button class=\"kt-blocks-accordion-header kt-acccordion-button-label-show\" type=\"button\"><span class=\"kt-blocks-accordion-title-wrap\"><span class=\"kt-blocks-accordion-title\">2010s<\/span><\/span><span class=\"kt-blocks-accordion-icon-trigger\"><\/span><\/button><\/div><div class=\"kt-accordion-panel kt-accordion-panel-hidden\"><div class=\"kt-accordion-panel-inner\">\n<ul id=\"block-f72638ed-343f-4ae3-be04-17a13a178e30\" class=\"wp-block-list\">\n<li><a href=\"https:\/\/www.yorku.ca\/finance\/wp-content\/uploads\/sites\/76\/2020\/09\/2019-Financial-Statements-as-of-April-30-2019.pdf\" target=\"_blank\" rel=\"noreferrer noopener\">Financial Statements April 30, 2019<\/a><\/li>\n\n\n\n<li><a href=\"https:\/\/www.yorku.ca\/finance\/wp-content\/uploads\/sites\/76\/2020\/09\/Financial-Statements-April-30-2018.pdf\" target=\"_blank\" rel=\"noreferrer noopener\">Financial Statements April 30, 2018<\/a><\/li>\n\n\n\n<li><a href=\"https:\/\/www.yorku.ca\/finance\/wp-content\/uploads\/sites\/76\/2020\/09\/Financial_Statements_April_30_2017.pdf\" target=\"_blank\" rel=\"noreferrer noopener\">Financial Statements April 30, 2017<\/a><\/li>\n\n\n\n<li><a href=\"https:\/\/www.yorku.ca\/finance\/wp-content\/uploads\/sites\/76\/2020\/09\/Financial_Statements_April_30_2016.pdf\" target=\"_blank\" rel=\"noreferrer noopener\">Financial Statements April 30, 2016<\/a><\/li>\n\n\n\n<li><a href=\"https:\/\/www.yorku.ca\/finance\/wp-content\/uploads\/sites\/76\/2020\/09\/Financial_Statements_April_30_2015.pdf\" target=\"_blank\" rel=\"noreferrer noopener\">Financial Statements April 30, 2015<\/a><\/li>\n\n\n\n<li><a href=\"https:\/\/www.yorku.ca\/finance\/wp-content\/uploads\/sites\/76\/2020\/09\/FINANCIAL-STATMENTS-2013-2014-web.pdf\" target=\"_blank\" rel=\"noreferrer noopener\">Financial Statements April 30, 2014<\/a><\/li>\n\n\n\n<li><a href=\"https:\/\/www.yorku.ca\/finance\/wp-content\/uploads\/sites\/76\/2020\/09\/Financial_Statements_April_2013.pdf\" target=\"_blank\" rel=\"noreferrer noopener\">Financial Statements April 30, 2013<\/a><\/li>\n\n\n\n<li><a href=\"https:\/\/www.yorku.ca\/finance\/wp-content\/uploads\/sites\/76\/2020\/09\/Financial-Statements-April-30-2012.pdf\" target=\"_blank\" rel=\"noreferrer noopener\">Financial Statements April 30, 2012<\/a><\/li>\n\n\n\n<li><a href=\"https:\/\/www.yorku.ca\/finance\/wp-content\/uploads\/sites\/76\/2020\/09\/Financial-Statements-April-2011.pdf\" target=\"_blank\" rel=\"noreferrer noopener\">Financial Statements April 30, 2011<\/a><\/li>\n\n\n\n<li><a href=\"https:\/\/www.yorku.ca\/finance\/wp-content\/uploads\/sites\/76\/2020\/09\/Financial-Statements-April-30-2010.pdf\" target=\"_blank\" rel=\"noreferrer noopener\">Financial Statements April 30, 2010<\/a><\/li>\n<\/ul>\n<\/div><\/div><\/div>\n\n\n\n<div class=\"wp-block-kadence-pane kt-accordion-pane kt-accordion-pane-5 kt-pane253_f82a27-31\"><div class=\"kt-accordion-header-wrap\"><button class=\"kt-blocks-accordion-header kt-acccordion-button-label-show\" type=\"button\"><span class=\"kt-blocks-accordion-title-wrap\"><span class=\"kt-blocks-accordion-title\">2000s<\/span><\/span><span class=\"kt-blocks-accordion-icon-trigger\"><\/span><\/button><\/div><div class=\"kt-accordion-panel kt-accordion-panel-hidden\"><div class=\"kt-accordion-panel-inner\">\n<ul id=\"block-f72638ed-343f-4ae3-be04-17a13a178e30\" class=\"wp-block-list\">\n<li><a href=\"https:\/\/www.yorku.ca\/finance\/wp-content\/uploads\/sites\/76\/2020\/09\/Financial-Statements-April-30-2009.pdf\" target=\"_blank\" rel=\"noreferrer noopener\">Financial Statements April 30, 2009<\/a><\/li>\n\n\n\n<li><a href=\"https:\/\/www.yorku.ca\/finance\/wp-content\/uploads\/sites\/76\/2020\/09\/Financial-Statements-April-30-2008.pdf\" target=\"_blank\" rel=\"noreferrer noopener\">Financial Statements April 30, 2008<\/a><\/li>\n\n\n\n<li><a href=\"https:\/\/www.yorku.ca\/finance\/wp-content\/uploads\/sites\/76\/2020\/09\/Financial-Statements-April-30-2007.pdf\" target=\"_blank\" rel=\"noreferrer noopener\">Financial Statements April 30, 2007<\/a><\/li>\n\n\n\n<li><a href=\"https:\/\/www.yorku.ca\/finance\/wp-content\/uploads\/sites\/76\/2020\/09\/Financial-Statements-April-30-2006.pdf\" target=\"_blank\" rel=\"noreferrer noopener\">Financial Statements April 30, 2006<\/a><\/li>\n\n\n\n<li><a href=\"https:\/\/www.yorku.ca\/finance\/wp-content\/uploads\/sites\/76\/2020\/09\/Financial-Statements-April-30-2005.pdf\" target=\"_blank\" rel=\"noreferrer noopener\">Financial Statements April 30, 2005<\/a><\/li>\n\n\n\n<li><a href=\"https:\/\/www.yorku.ca\/finance\/wp-content\/uploads\/sites\/76\/2020\/09\/Financial-Statements-April-30-2004.pdf\" target=\"_blank\" rel=\"noreferrer noopener\">Financial Statements April 30, 2004<\/a><\/li>\n\n\n\n<li><a href=\"https:\/\/www.yorku.ca\/finance\/wp-content\/uploads\/sites\/76\/2020\/09\/Financial-Statements-April-30-2003.pdf\" target=\"_blank\" rel=\"noreferrer noopener\">Financial Statements April 30, 2003<\/a><\/li>\n\n\n\n<li><a href=\"https:\/\/www.yorku.ca\/finance\/wp-content\/uploads\/sites\/76\/2020\/09\/Financial-Statements-April-30-2002.pdf\" target=\"_blank\" rel=\"noreferrer noopener\">Financial Statements April 30, 2002<\/a><\/li>\n\n\n\n<li><a href=\"https:\/\/www.yorku.ca\/finance\/wp-content\/uploads\/sites\/76\/2020\/09\/Financial-Statements-April-30-2001.pdf\" target=\"_blank\" rel=\"noreferrer noopener\">Financial Statements April 30, 2001<\/a><\/li>\n\n\n\n<li><a href=\"https:\/\/www.yorku.ca\/finance\/wp-content\/uploads\/sites\/76\/2020\/09\/Financial-Statements-April-30-2000.pdf\" target=\"_blank\" rel=\"noreferrer noopener\">Financial Statements April 30, 2000<\/a><\/li>\n<\/ul>\n<\/div><\/div><\/div>\n\n\n\n<div class=\"wp-block-kadence-pane kt-accordion-pane kt-accordion-pane-6 kt-pane253_aebfe5-2d\"><div class=\"kt-accordion-header-wrap\"><button class=\"kt-blocks-accordion-header kt-acccordion-button-label-show\" type=\"button\"><span class=\"kt-blocks-accordion-title-wrap\"><span class=\"kt-blocks-accordion-title\">1990s<\/span><\/span><span class=\"kt-blocks-accordion-icon-trigger\"><\/span><\/button><\/div><div class=\"kt-accordion-panel kt-accordion-panel-hidden\"><div class=\"kt-accordion-panel-inner\">\n<ul id=\"block-f72638ed-343f-4ae3-be04-17a13a178e30\" class=\"wp-block-list\">\n<li><a href=\"https:\/\/www.yorku.ca\/finance\/wp-content\/uploads\/sites\/76\/2020\/09\/Financial-Statements-April-30-1999.pdf\" target=\"_blank\" rel=\"noreferrer noopener\">Financial Statements April 30, 1999<\/a><\/li>\n\n\n\n<li><a href=\"https:\/\/www.yorku.ca\/finance\/wp-content\/uploads\/sites\/76\/2020\/09\/Financial-Statements-1998.pdf\" target=\"_blank\" rel=\"noreferrer noopener\">Financial Statements April 30, 1998<\/a><\/li>\n<\/ul>\n<\/div><\/div><\/div>\n<\/div><\/div><\/div>\n\n\n\n<div style=\"height:65px\" aria-hidden=\"true\" class=\"wp-block-spacer\"><\/div>\n","protected":false},"excerpt":{"rendered":"<p>York University financial statements are prepared in accordance with accounting principles generally accepted for Canadian universities and in accordance with guidelines developed by the Canadian Association of University Business Officers and accounting standards developed by The Canadian Institute of Chartered Accountants.<\/p>\n","protected":false},"author":91,"featured_media":0,"parent":214,"menu_order":0,"comment_status":"closed","ping_status":"closed","template":"secondary-page.php","meta":{"_kad_blocks_custom_css":"","_kad_blocks_head_custom_js":"","_kad_blocks_body_custom_js":"","_kad_blocks_footer_custom_js":"","footnotes":""},"tags":[68,9,7,6,70,69],"class_list":["post-253","page","type-page","status-publish","hentry","tag-faculty","tag-finance","tag-finance-resources","tag-financial-statements","tag-keele","tag-staff"],"yoast_head":"<!-- This site is optimized with the Yoast SEO plugin v24.0 - https:\/\/yoast.com\/wordpress\/plugins\/seo\/ -->\n<title>Financial Statements | Finance Resources<\/title>\n<meta name=\"description\" content=\"Finance has a series of financial resources to better help navigate the University&#039;s financial structure.\" \/>\n<meta name=\"robots\" content=\"index, follow, max-snippet:-1, max-image-preview:large, max-video-preview:-1\" \/>\n<link rel=\"canonical\" href=\"https:\/\/www.yorku.ca\/finance\/financial-resources\/financial-statements\/\" \/>\n<meta property=\"og:locale\" content=\"en_US\" \/>\n<meta property=\"og:type\" content=\"article\" \/>\n<meta property=\"og:title\" content=\"Financial Statements | Finance Resources\" \/>\n<meta property=\"og:description\" content=\"Finance has a series of financial resources to better help navigate the University&#039;s financial structure.\" \/>\n<meta property=\"og:url\" content=\"https:\/\/www.yorku.ca\/finance\/financial-resources\/financial-statements\/\" \/>\n<meta property=\"og:site_name\" content=\"Finance\" \/>\n<meta property=\"article:modified_time\" content=\"2025-07-11T19:34:10+00:00\" \/>\n<meta name=\"twitter:card\" content=\"summary_large_image\" \/>\n<meta name=\"twitter:label1\" content=\"Est. reading time\" \/>\n\t<meta name=\"twitter:data1\" content=\"1 minute\" \/>\n<script type=\"application\/ld+json\" class=\"yoast-schema-graph\">{\"@context\":\"https:\/\/schema.org\",\"@graph\":[{\"@type\":\"WebPage\",\"@id\":\"https:\/\/www.yorku.ca\/finance\/financial-resources\/financial-statements\/\",\"url\":\"https:\/\/www.yorku.ca\/finance\/financial-resources\/financial-statements\/\",\"name\":\"Financial Statements | Finance Resources\",\"isPartOf\":{\"@id\":\"https:\/\/www.yorku.ca\/finance\/#website\"},\"datePublished\":\"2020-09-02T04:06:22+00:00\",\"dateModified\":\"2025-07-11T19:34:10+00:00\",\"description\":\"Finance has a series of financial resources to better help navigate the University's financial structure.\",\"breadcrumb\":{\"@id\":\"https:\/\/www.yorku.ca\/finance\/financial-resources\/financial-statements\/#breadcrumb\"},\"inLanguage\":\"en-CA\",\"potentialAction\":[{\"@type\":\"ReadAction\",\"target\":[\"https:\/\/www.yorku.ca\/finance\/financial-resources\/financial-statements\/\"]}]},{\"@type\":\"BreadcrumbList\",\"@id\":\"https:\/\/www.yorku.ca\/finance\/financial-resources\/financial-statements\/#breadcrumb\",\"itemListElement\":[{\"@type\":\"ListItem\",\"position\":1,\"name\":\"Home\",\"item\":\"https:\/\/www.yorku.ca\/finance\/\"},{\"@type\":\"ListItem\",\"position\":2,\"name\":\"Financial Resources\",\"item\":\"https:\/\/www.yorku.ca\/finance\/financial-resources\/\"},{\"@type\":\"ListItem\",\"position\":3,\"name\":\"Financial Statements\"}]},{\"@type\":\"WebSite\",\"@id\":\"https:\/\/www.yorku.ca\/finance\/#website\",\"url\":\"https:\/\/www.yorku.ca\/finance\/\",\"name\":\"Finance\",\"description\":\"\",\"potentialAction\":[{\"@type\":\"SearchAction\",\"target\":{\"@type\":\"EntryPoint\",\"urlTemplate\":\"https:\/\/www.yorku.ca\/finance\/?s={search_term_string}\"},\"query-input\":{\"@type\":\"PropertyValueSpecification\",\"valueRequired\":true,\"valueName\":\"search_term_string\"}}],\"inLanguage\":\"en-CA\"}]}<\/script>\n<!-- \/ Yoast SEO plugin. -->","yoast_head_json":{"title":"Financial Statements | Finance Resources","description":"Finance has a series of financial resources to better help navigate the University's financial structure.","robots":{"index":"index","follow":"follow","max-snippet":"max-snippet:-1","max-image-preview":"max-image-preview:large","max-video-preview":"max-video-preview:-1"},"canonical":"https:\/\/www.yorku.ca\/finance\/financial-resources\/financial-statements\/","og_locale":"en_US","og_type":"article","og_title":"Financial Statements | Finance Resources","og_description":"Finance has a series of financial resources to better help navigate the University's financial structure.","og_url":"https:\/\/www.yorku.ca\/finance\/financial-resources\/financial-statements\/","og_site_name":"Finance","article_modified_time":"2025-07-11T19:34:10+00:00","twitter_card":"summary_large_image","twitter_misc":{"Est. reading time":"1 minute"},"schema":{"@context":"https:\/\/schema.org","@graph":[{"@type":"WebPage","@id":"https:\/\/www.yorku.ca\/finance\/financial-resources\/financial-statements\/","url":"https:\/\/www.yorku.ca\/finance\/financial-resources\/financial-statements\/","name":"Financial Statements | Finance Resources","isPartOf":{"@id":"https:\/\/www.yorku.ca\/finance\/#website"},"datePublished":"2020-09-02T04:06:22+00:00","dateModified":"2025-07-11T19:34:10+00:00","description":"Finance has a series of financial resources to better help navigate the University's financial structure.","breadcrumb":{"@id":"https:\/\/www.yorku.ca\/finance\/financial-resources\/financial-statements\/#breadcrumb"},"inLanguage":"en-CA","potentialAction":[{"@type":"ReadAction","target":["https:\/\/www.yorku.ca\/finance\/financial-resources\/financial-statements\/"]}]},{"@type":"BreadcrumbList","@id":"https:\/\/www.yorku.ca\/finance\/financial-resources\/financial-statements\/#breadcrumb","itemListElement":[{"@type":"ListItem","position":1,"name":"Home","item":"https:\/\/www.yorku.ca\/finance\/"},{"@type":"ListItem","position":2,"name":"Financial Resources","item":"https:\/\/www.yorku.ca\/finance\/financial-resources\/"},{"@type":"ListItem","position":3,"name":"Financial Statements"}]},{"@type":"WebSite","@id":"https:\/\/www.yorku.ca\/finance\/#website","url":"https:\/\/www.yorku.ca\/finance\/","name":"Finance","description":"","potentialAction":[{"@type":"SearchAction","target":{"@type":"EntryPoint","urlTemplate":"https:\/\/www.yorku.ca\/finance\/?s={search_term_string}"},"query-input":{"@type":"PropertyValueSpecification","valueRequired":true,"valueName":"search_term_string"}}],"inLanguage":"en-CA"}]}},"taxonomy_info":{"post_tag":[{"value":68,"label":"Faculty"},{"value":9,"label":"Finance"},{"value":7,"label":"Finance Resources"},{"value":6,"label":"Financial Statements"},{"value":70,"label":"Keele"},{"value":69,"label":"Staff"}]},"featured_image_src_large":false,"author_info":{"display_name":"khall","author_link":"https:\/\/www.yorku.ca\/finance\/author\/khall\/"},"comment_info":0,"_links":{"self":[{"href":"https:\/\/www.yorku.ca\/finance\/wp-json\/wp\/v2\/pages\/253","targetHints":{"allow":["GET"]}}],"collection":[{"href":"https:\/\/www.yorku.ca\/finance\/wp-json\/wp\/v2\/pages"}],"about":[{"href":"https:\/\/www.yorku.ca\/finance\/wp-json\/wp\/v2\/types\/page"}],"author":[{"embeddable":true,"href":"https:\/\/www.yorku.ca\/finance\/wp-json\/wp\/v2\/users\/91"}],"replies":[{"embeddable":true,"href":"https:\/\/www.yorku.ca\/finance\/wp-json\/wp\/v2\/comments?post=253"}],"version-history":[{"count":14,"href":"https:\/\/www.yorku.ca\/finance\/wp-json\/wp\/v2\/pages\/253\/revisions"}],"predecessor-version":[{"id":4933,"href":"https:\/\/www.yorku.ca\/finance\/wp-json\/wp\/v2\/pages\/253\/revisions\/4933"}],"up":[{"embeddable":true,"href":"https:\/\/www.yorku.ca\/finance\/wp-json\/wp\/v2\/pages\/214"}],"wp:attachment":[{"href":"https:\/\/www.yorku.ca\/finance\/wp-json\/wp\/v2\/media?parent=253"}],"wp:term":[{"taxonomy":"post_tag","embeddable":true,"href":"https:\/\/www.yorku.ca\/finance\/wp-json\/wp\/v2\/tags?post=253"}],"curies":[{"name":"wp","href":"https:\/\/api.w.org\/{rel}","templated":true}]}}