{"id":244,"date":"2020-07-28T16:45:35","date_gmt":"2020-07-28T20:45:35","guid":{"rendered":"https:\/\/www.yorku.ca\/safety\/?page_id=244"},"modified":"2024-06-04T13:30:15","modified_gmt":"2024-06-04T17:30:15","slug":"strategic-plan","status":"publish","type":"page","link":"https:\/\/www.yorku.ca\/safety\/about-us\/strategic-plan\/","title":{"rendered":"Community Safety Strategic Plan"},"content":{"rendered":"\n<div style=\"height:40px\" aria-hidden=\"true\" class=\"wp-block-spacer\"><\/div>\n\n\n\n<div class=\"wp-block-columns is-layout-flex wp-container-core-columns-is-layout-1 wp-block-columns-is-layout-flex\">\n<div class=\"wp-block-column is-layout-flow wp-block-column-is-layout-flow\" style=\"flex-basis:33.3%\">\n<figure class=\"wp-block-image size-large img-thumbnail rounded-0\"><img loading=\"lazy\" decoding=\"async\" width=\"730\" height=\"365\" src=\"https:\/\/www.yorku.ca\/safety\/wp-content\/uploads\/sites\/78\/2020\/08\/strat-plan-ENG-350x175-1.jpg\" alt=\"\" class=\"wp-image-700\" srcset=\"https:\/\/www.yorku.ca\/safety\/wp-content\/uploads\/sites\/78\/2020\/08\/strat-plan-ENG-350x175-1.jpg 730w, https:\/\/www.yorku.ca\/safety\/wp-content\/uploads\/sites\/78\/2020\/08\/strat-plan-ENG-350x175-1-300x150.jpg 300w\" sizes=\"auto, (max-width: 730px) 100vw, 730px\" \/><\/figure>\n\n\n\n<p><\/p>\n<\/div>\n\n\n\n<div class=\"wp-block-column is-layout-flow wp-block-column-is-layout-flow\" style=\"flex-basis:66.6%\">\n<h2 class=\"wp-block-heading\">Community Safety Department Strategic Plan<\/h2>\n\n\n\n<p>The Strategic Plan includes four key pillars that reflect the priorities identified by the community: Prevention; Response; Communications and Evaluation.<\/p>\n\n\n\n<div class=\"wp-block-buttons is-layout-flex wp-block-buttons-is-layout-flex\">\n<div class=\"wp-block-button bg-primary-2 text-white rounded-0 learnmore-block p-2\"><a class=\"wp-block-button__link has-text-color has-background no-border-radius\" href=\"https:\/\/www.yorku.ca\/safety\/wp-content\/uploads\/sites\/78\/2020\/08\/Strategic-Plan.pdf\" style=\"background-color:#810001;color:#ffffff\"> Click here to download a PDF copy  <i class=\"fas fa-chevron-right small pl-2\"><\/i><\/a><\/div>\n<\/div>\n<\/div>\n<\/div>\n\n\n\n<div style=\"height:40px\" aria-hidden=\"true\" class=\"wp-block-spacer\"><\/div>\n\n\n\n<div class=\"wp-block-columns is-layout-flex wp-container-core-columns-is-layout-2 wp-block-columns-is-layout-flex\">\n<div class=\"wp-block-column is-layout-flow wp-block-column-is-layout-flow\" style=\"flex-basis:33.3%\">\n<figure class=\"wp-block-image size-large img-thumbnail rounded-0\"><img loading=\"lazy\" decoding=\"async\" width=\"730\" height=\"365\" src=\"https:\/\/www.yorku.ca\/safety\/wp-content\/uploads\/sites\/78\/2020\/08\/strat-plan-FR-350x175-1.jpg\" alt=\"\" class=\"wp-image-701\" srcset=\"https:\/\/www.yorku.ca\/safety\/wp-content\/uploads\/sites\/78\/2020\/08\/strat-plan-FR-350x175-1.jpg 730w, https:\/\/www.yorku.ca\/safety\/wp-content\/uploads\/sites\/78\/2020\/08\/strat-plan-FR-350x175-1-300x150.jpg 300w\" sizes=\"auto, (max-width: 730px) 100vw, 730px\" \/><\/figure>\n\n\n\n<p><\/p>\n<\/div>\n\n\n\n<div class=\"wp-block-column is-layout-flow wp-block-column-is-layout-flow\" style=\"flex-basis:66.6%\">\n<h2 class=\"wp-block-heading\">Plan strat\u00e9gique du D\u00e9partement de la s\u00e9curit\u00e9 communautaire<\/h2>\n\n\n\n<p>Le plan strat\u00e9gique repose sur quatre piliers qui refl\u00e8tent les priorit\u00e9s \u00e9tablies par la communaut\u00e9 : la pr\u00e9vention, l\u2019intervention, la communication et l\u2019\u00e9valuation.<\/p>\n\n\n\n<p class=\"text-uppercase font-weight-bold\"><a href=\"https:\/\/www.yorku.ca\/safety\/wp-content\/uploads\/sites\/78\/2020\/08\/Plan-Strategique-du-Departement-de-la-Securite-Communautaire.pdf\">Cliquez ici pour t\u00e9l\u00e9charger le&nbsp;Plan strat\u00e9gique du D\u00e9partement de la s\u00e9curit\u00e9 communautaire (PDF) <\/a><\/p>\n<\/div>\n<\/div>\n\n\n\n<div style=\"height:40px\" aria-hidden=\"true\" class=\"wp-block-spacer\"><\/div>\n","protected":false},"excerpt":{"rendered":"<p>Community Safety Department Strategic Plan The Strategic Plan includes four key pillars that reflect the priorities identified by the community: Prevention; Response; Communications and Evaluation. Plan strat\u00e9gique du D\u00e9partement de la s\u00e9curit\u00e9 communautaire Le plan strat\u00e9gique repose sur quatre piliers qui refl\u00e8tent les priorit\u00e9s \u00e9tablies par la communaut\u00e9 : la pr\u00e9vention, l\u2019intervention, la communication et [&hellip;]<\/p>\n","protected":false},"author":99,"featured_media":0,"parent":240,"menu_order":0,"comment_status":"closed","ping_status":"closed","template":"","meta":{"_kad_blocks_custom_css":"","_kad_blocks_head_custom_js":"","_kad_blocks_body_custom_js":"","_kad_blocks_footer_custom_js":"","footnotes":""},"tags":[30,32,31],"class_list":["post-244","page","type-page","status-publish","hentry","tag-community-safety-strategic-plan","tag-safety-plan","tag-strategic-plan"],"yoast_head":"<!-- This site is optimized with the Yoast SEO plugin v24.0 - https:\/\/yoast.com\/wordpress\/plugins\/seo\/ -->\n<title>Community Safety Strategic Plan - Community Safety<\/title>\n<meta name=\"robots\" content=\"index, follow, max-snippet:-1, max-image-preview:large, max-video-preview:-1\" \/>\n<link rel=\"canonical\" href=\"https:\/\/www.yorku.ca\/safety\/about-us\/strategic-plan\/\" \/>\n<meta property=\"og:locale\" content=\"en_US\" \/>\n<meta property=\"og:type\" content=\"article\" \/>\n<meta property=\"og:title\" content=\"Community Safety Strategic Plan - Community Safety\" \/>\n<meta property=\"og:description\" content=\"Community Safety Department Strategic Plan The Strategic Plan includes four key pillars that reflect the priorities identified by the community: Prevention; Response; Communications and Evaluation. Plan strat\u00e9gique du D\u00e9partement de la s\u00e9curit\u00e9 communautaire Le plan strat\u00e9gique repose sur quatre piliers qui refl\u00e8tent les priorit\u00e9s \u00e9tablies par la communaut\u00e9 : la pr\u00e9vention, l\u2019intervention, la communication et [&hellip;]\" \/>\n<meta property=\"og:url\" content=\"https:\/\/www.yorku.ca\/safety\/about-us\/strategic-plan\/\" \/>\n<meta property=\"og:site_name\" content=\"Community Safety\" \/>\n<meta property=\"article:modified_time\" content=\"2024-06-04T17:30:15+00:00\" \/>\n<meta property=\"og:image\" content=\"https:\/\/www.yorku.ca\/safety\/wp-content\/uploads\/sites\/78\/2020\/08\/strat-plan-ENG-350x175-1.jpg\" \/>\n<meta name=\"twitter:card\" content=\"summary_large_image\" \/>\n<meta name=\"twitter:label1\" content=\"Est. reading time\" \/>\n\t<meta name=\"twitter:data1\" content=\"1 minute\" \/>\n<script type=\"application\/ld+json\" class=\"yoast-schema-graph\">{\"@context\":\"https:\/\/schema.org\",\"@graph\":[{\"@type\":\"WebPage\",\"@id\":\"https:\/\/www.yorku.ca\/safety\/about-us\/strategic-plan\/\",\"url\":\"https:\/\/www.yorku.ca\/safety\/about-us\/strategic-plan\/\",\"name\":\"Community Safety Strategic Plan - Community Safety\",\"isPartOf\":{\"@id\":\"https:\/\/www.yorku.ca\/safety\/#website\"},\"primaryImageOfPage\":{\"@id\":\"https:\/\/www.yorku.ca\/safety\/about-us\/strategic-plan\/#primaryimage\"},\"image\":{\"@id\":\"https:\/\/www.yorku.ca\/safety\/about-us\/strategic-plan\/#primaryimage\"},\"thumbnailUrl\":\"https:\/\/www.yorku.ca\/safety\/wp-content\/uploads\/sites\/78\/2020\/08\/strat-plan-ENG-350x175-1.jpg\",\"datePublished\":\"2020-07-28T20:45:35+00:00\",\"dateModified\":\"2024-06-04T17:30:15+00:00\",\"breadcrumb\":{\"@id\":\"https:\/\/www.yorku.ca\/safety\/about-us\/strategic-plan\/#breadcrumb\"},\"inLanguage\":\"en-CA\",\"potentialAction\":[{\"@type\":\"ReadAction\",\"target\":[\"https:\/\/www.yorku.ca\/safety\/about-us\/strategic-plan\/\"]}]},{\"@type\":\"ImageObject\",\"inLanguage\":\"en-CA\",\"@id\":\"https:\/\/www.yorku.ca\/safety\/about-us\/strategic-plan\/#primaryimage\",\"url\":\"https:\/\/www.yorku.ca\/safety\/wp-content\/uploads\/sites\/78\/2020\/08\/strat-plan-ENG-350x175-1.jpg\",\"contentUrl\":\"https:\/\/www.yorku.ca\/safety\/wp-content\/uploads\/sites\/78\/2020\/08\/strat-plan-ENG-350x175-1.jpg\",\"width\":730,\"height\":365},{\"@type\":\"BreadcrumbList\",\"@id\":\"https:\/\/www.yorku.ca\/safety\/about-us\/strategic-plan\/#breadcrumb\",\"itemListElement\":[{\"@type\":\"ListItem\",\"position\":1,\"name\":\"Home\",\"item\":\"https:\/\/www.yorku.ca\/safety\/\"},{\"@type\":\"ListItem\",\"position\":2,\"name\":\"About\",\"item\":\"https:\/\/www.yorku.ca\/safety\/about-us\/\"},{\"@type\":\"ListItem\",\"position\":3,\"name\":\"Community Safety Strategic Plan\"}]},{\"@type\":\"WebSite\",\"@id\":\"https:\/\/www.yorku.ca\/safety\/#website\",\"url\":\"https:\/\/www.yorku.ca\/safety\/\",\"name\":\"Community Safety\",\"description\":\"\",\"potentialAction\":[{\"@type\":\"SearchAction\",\"target\":{\"@type\":\"EntryPoint\",\"urlTemplate\":\"https:\/\/www.yorku.ca\/safety\/?s={search_term_string}\"},\"query-input\":{\"@type\":\"PropertyValueSpecification\",\"valueRequired\":true,\"valueName\":\"search_term_string\"}}],\"inLanguage\":\"en-CA\"}]}<\/script>\n<!-- \/ Yoast SEO plugin. -->","yoast_head_json":{"title":"Community Safety Strategic Plan - Community Safety","robots":{"index":"index","follow":"follow","max-snippet":"max-snippet:-1","max-image-preview":"max-image-preview:large","max-video-preview":"max-video-preview:-1"},"canonical":"https:\/\/www.yorku.ca\/safety\/about-us\/strategic-plan\/","og_locale":"en_US","og_type":"article","og_title":"Community Safety Strategic Plan - Community Safety","og_description":"Community Safety Department Strategic Plan The Strategic Plan includes four key pillars that reflect the priorities identified by the community: Prevention; Response; Communications and Evaluation. Plan strat\u00e9gique du D\u00e9partement de la s\u00e9curit\u00e9 communautaire Le plan strat\u00e9gique repose sur quatre piliers qui refl\u00e8tent les priorit\u00e9s \u00e9tablies par la communaut\u00e9 : la pr\u00e9vention, l\u2019intervention, la communication et [&hellip;]","og_url":"https:\/\/www.yorku.ca\/safety\/about-us\/strategic-plan\/","og_site_name":"Community Safety","article_modified_time":"2024-06-04T17:30:15+00:00","og_image":[{"url":"https:\/\/www.yorku.ca\/safety\/wp-content\/uploads\/sites\/78\/2020\/08\/strat-plan-ENG-350x175-1.jpg","type":"","width":"","height":""}],"twitter_card":"summary_large_image","twitter_misc":{"Est. reading time":"1 minute"},"schema":{"@context":"https:\/\/schema.org","@graph":[{"@type":"WebPage","@id":"https:\/\/www.yorku.ca\/safety\/about-us\/strategic-plan\/","url":"https:\/\/www.yorku.ca\/safety\/about-us\/strategic-plan\/","name":"Community Safety Strategic Plan - Community Safety","isPartOf":{"@id":"https:\/\/www.yorku.ca\/safety\/#website"},"primaryImageOfPage":{"@id":"https:\/\/www.yorku.ca\/safety\/about-us\/strategic-plan\/#primaryimage"},"image":{"@id":"https:\/\/www.yorku.ca\/safety\/about-us\/strategic-plan\/#primaryimage"},"thumbnailUrl":"https:\/\/www.yorku.ca\/safety\/wp-content\/uploads\/sites\/78\/2020\/08\/strat-plan-ENG-350x175-1.jpg","datePublished":"2020-07-28T20:45:35+00:00","dateModified":"2024-06-04T17:30:15+00:00","breadcrumb":{"@id":"https:\/\/www.yorku.ca\/safety\/about-us\/strategic-plan\/#breadcrumb"},"inLanguage":"en-CA","potentialAction":[{"@type":"ReadAction","target":["https:\/\/www.yorku.ca\/safety\/about-us\/strategic-plan\/"]}]},{"@type":"ImageObject","inLanguage":"en-CA","@id":"https:\/\/www.yorku.ca\/safety\/about-us\/strategic-plan\/#primaryimage","url":"https:\/\/www.yorku.ca\/safety\/wp-content\/uploads\/sites\/78\/2020\/08\/strat-plan-ENG-350x175-1.jpg","contentUrl":"https:\/\/www.yorku.ca\/safety\/wp-content\/uploads\/sites\/78\/2020\/08\/strat-plan-ENG-350x175-1.jpg","width":730,"height":365},{"@type":"BreadcrumbList","@id":"https:\/\/www.yorku.ca\/safety\/about-us\/strategic-plan\/#breadcrumb","itemListElement":[{"@type":"ListItem","position":1,"name":"Home","item":"https:\/\/www.yorku.ca\/safety\/"},{"@type":"ListItem","position":2,"name":"About","item":"https:\/\/www.yorku.ca\/safety\/about-us\/"},{"@type":"ListItem","position":3,"name":"Community Safety Strategic Plan"}]},{"@type":"WebSite","@id":"https:\/\/www.yorku.ca\/safety\/#website","url":"https:\/\/www.yorku.ca\/safety\/","name":"Community Safety","description":"","potentialAction":[{"@type":"SearchAction","target":{"@type":"EntryPoint","urlTemplate":"https:\/\/www.yorku.ca\/safety\/?s={search_term_string}"},"query-input":{"@type":"PropertyValueSpecification","valueRequired":true,"valueName":"search_term_string"}}],"inLanguage":"en-CA"}]}},"taxonomy_info":{"post_tag":[{"value":30,"label":"Community Safety Strategic Plan"},{"value":32,"label":"Safety Plan"},{"value":31,"label":"Strategic Plan"}]},"featured_image_src_large":false,"author_info":{"display_name":"alittle","author_link":"https:\/\/www.yorku.ca\/safety\/author\/alittle\/"},"comment_info":"","_links":{"self":[{"href":"https:\/\/www.yorku.ca\/safety\/wp-json\/wp\/v2\/pages\/244","targetHints":{"allow":["GET"]}}],"collection":[{"href":"https:\/\/www.yorku.ca\/safety\/wp-json\/wp\/v2\/pages"}],"about":[{"href":"https:\/\/www.yorku.ca\/safety\/wp-json\/wp\/v2\/types\/page"}],"author":[{"embeddable":true,"href":"https:\/\/www.yorku.ca\/safety\/wp-json\/wp\/v2\/users\/99"}],"replies":[{"embeddable":true,"href":"https:\/\/www.yorku.ca\/safety\/wp-json\/wp\/v2\/comments?post=244"}],"version-history":[{"count":7,"href":"https:\/\/www.yorku.ca\/safety\/wp-json\/wp\/v2\/pages\/244\/revisions"}],"predecessor-version":[{"id":11996,"href":"https:\/\/www.yorku.ca\/safety\/wp-json\/wp\/v2\/pages\/244\/revisions\/11996"}],"up":[{"embeddable":true,"href":"https:\/\/www.yorku.ca\/safety\/wp-json\/wp\/v2\/pages\/240"}],"wp:attachment":[{"href":"https:\/\/www.yorku.ca\/safety\/wp-json\/wp\/v2\/media?parent=244"}],"wp:term":[{"taxonomy":"post_tag","embeddable":true,"href":"https:\/\/www.yorku.ca\/safety\/wp-json\/wp\/v2\/tags?post=244"}],"curies":[{"name":"wp","href":"https:\/\/api.w.org\/{rel}","templated":true}]}}