{"id":201,"date":"2020-12-23T12:42:00","date_gmt":"2020-12-23T17:42:00","guid":{"rendered":"https:\/\/www.yorku.ca\/science\/cdm\/?page_id=201"},"modified":"2023-06-12T11:48:03","modified_gmt":"2023-06-12T15:48:03","slug":"mathematics-and-covid-19","status":"publish","type":"page","link":"https:\/\/www.yorku.ca\/science\/cdm\/events\/mathematics-and-covid-19\/","title":{"rendered":"Mathematics and COVID-19"},"content":{"rendered":"\n<div class=\"wp-block-image\"><figure class=\"aligncenter size-large\"><img loading=\"lazy\" decoding=\"async\" width=\"1024\" height=\"508\" src=\"https:\/\/www.yorku.ca\/science\/cdm\/wp-content\/uploads\/sites\/249\/2021\/01\/lecture-image-1024x508.png\" alt=\"\" class=\"wp-image-565\" srcset=\"https:\/\/www.yorku.ca\/science\/cdm\/wp-content\/uploads\/sites\/249\/2021\/01\/lecture-image-1024x508.png 1024w, https:\/\/www.yorku.ca\/science\/cdm\/wp-content\/uploads\/sites\/249\/2021\/01\/lecture-image-300x149.png 300w, https:\/\/www.yorku.ca\/science\/cdm\/wp-content\/uploads\/sites\/249\/2021\/01\/lecture-image.png 1280w\" sizes=\"auto, (max-width: 1024px) 100vw, 1024px\" \/><\/figure><\/div>\n\n\n\n<h3 class=\"wp-block-heading\">About the lecture series<\/h3>\n\n\n\n<p>To promote the application of mathematics and mathematical modelling in combating COVID-19, the Centre for Disease Modeling (CDM) together with the Chinese Society for Mathematical Biology (CSMB) has launched a weekly distinguished lecture series, \u201cMathematics and COVID-19\u201d.&nbsp; There will be 16 distinguished speakers to present topics that will cover and examine how mathematics can contribute to the understanding of SARS-CoV-2 to inform public health policy decision making.<\/p>\n\n\n\n<p><strong>You are invited!<\/strong><br><strong>Webinar:<\/strong>&nbsp;<a href=\"https:\/\/yorku.zoom.us\/j\/98615589444?pwd=S1JYcVA0R291blBoZzBnRkhDdW56dz09\">https:\/\/yorku.zoom.us\/j\/98615589444?pwd=S1JYcVA0R291blBoZzBnRkhDdW56dz09<\/a>&nbsp;.&nbsp;<\/p>\n\n\n\n<h3 class=\"wp-block-heading\">Organizing Committee<\/h3>\n\n\n\n<p>&nbsp;&nbsp;&nbsp;&nbsp; Julien Arino - University of Manitoba&nbsp;&nbsp;&nbsp;&nbsp;&nbsp;&nbsp;&nbsp;&nbsp;&nbsp;&nbsp;&nbsp;&nbsp;&nbsp;&nbsp;&nbsp;&nbsp;&nbsp;&nbsp;&nbsp;&nbsp;&nbsp;&nbsp;&nbsp;&nbsp;&nbsp;&nbsp;&nbsp;&nbsp;&nbsp;&nbsp;&nbsp;&nbsp;&nbsp;&nbsp;&nbsp;&nbsp;&nbsp;&nbsp;&nbsp;&nbsp;&nbsp;&nbsp;&nbsp;&nbsp;&nbsp;&nbsp;&nbsp;&nbsp;&nbsp;&nbsp;&nbsp;&nbsp; &nbsp;<br>&nbsp;&nbsp;&nbsp;&nbsp; Jacques B\u00e9lair - Universit\u00e9 de Montr\u00e9al<br>&nbsp;&nbsp;&nbsp;&nbsp; Jingan Cui - Beijing University of Civil Engineering and Architecture&nbsp;&nbsp;&nbsp; &nbsp;<br>&nbsp;&nbsp;&nbsp;&nbsp; Meng Fan - Northeast Normal University<br>&nbsp;&nbsp;&nbsp;&nbsp; Jane Heffernan - York University&nbsp;&nbsp;&nbsp;&nbsp;&nbsp;&nbsp;&nbsp;&nbsp;&nbsp;&nbsp;&nbsp;&nbsp;&nbsp;&nbsp;&nbsp;&nbsp;&nbsp;&nbsp;&nbsp;&nbsp;&nbsp;&nbsp;&nbsp;&nbsp;&nbsp;&nbsp;&nbsp;&nbsp;&nbsp;&nbsp;&nbsp;&nbsp;&nbsp;&nbsp;&nbsp;&nbsp;&nbsp;&nbsp;&nbsp;&nbsp;&nbsp;&nbsp;&nbsp;&nbsp;&nbsp;&nbsp;&nbsp;&nbsp;&nbsp;&nbsp;&nbsp;&nbsp;&nbsp;&nbsp;&nbsp;&nbsp;&nbsp;&nbsp; &nbsp;<br>&nbsp;&nbsp;&nbsp;&nbsp; Zhen Jin - Shanxi University<br>&nbsp;&nbsp;&nbsp;&nbsp; Michael Li - University of Alberta&nbsp;&nbsp;&nbsp;&nbsp;&nbsp;&nbsp;&nbsp;&nbsp;&nbsp;&nbsp;&nbsp;&nbsp;&nbsp;&nbsp;&nbsp;&nbsp;&nbsp;&nbsp;&nbsp;&nbsp;&nbsp;&nbsp;&nbsp;&nbsp;&nbsp;&nbsp;&nbsp;&nbsp;&nbsp;&nbsp;&nbsp;&nbsp;&nbsp;&nbsp;&nbsp;&nbsp;&nbsp;&nbsp;&nbsp;&nbsp;&nbsp;&nbsp;&nbsp;&nbsp;&nbsp;&nbsp;&nbsp;&nbsp;&nbsp;&nbsp;&nbsp;&nbsp;&nbsp;&nbsp;&nbsp;&nbsp;&nbsp;&nbsp; &nbsp;<br>&nbsp;&nbsp;&nbsp; Wei Lin - Fudan University<br>&nbsp;&nbsp;&nbsp; Wendi Wang - Southwest University&nbsp;&nbsp;&nbsp;&nbsp;&nbsp;&nbsp;&nbsp;&nbsp;&nbsp;&nbsp;&nbsp;&nbsp;&nbsp;&nbsp;&nbsp;&nbsp;&nbsp;&nbsp;&nbsp;&nbsp;&nbsp;&nbsp;&nbsp;&nbsp;&nbsp;&nbsp;&nbsp;&nbsp;&nbsp;&nbsp;&nbsp;&nbsp;&nbsp;&nbsp;&nbsp;&nbsp;&nbsp;&nbsp;&nbsp;&nbsp;&nbsp;&nbsp;&nbsp;&nbsp;&nbsp;&nbsp;&nbsp;&nbsp;&nbsp;&nbsp;&nbsp;&nbsp; &nbsp;<br>&nbsp;&nbsp;&nbsp; James Watmough - University of New Brunswick &nbsp;<br>&nbsp;&nbsp;&nbsp; Yanni Xiao - Xi'an Jiaotong University&nbsp;&nbsp;&nbsp;&nbsp;&nbsp;&nbsp;&nbsp;&nbsp;&nbsp;&nbsp;&nbsp;&nbsp;&nbsp;&nbsp;&nbsp;&nbsp;&nbsp;&nbsp;&nbsp;&nbsp;&nbsp;&nbsp;&nbsp;&nbsp;&nbsp;&nbsp;&nbsp;&nbsp;&nbsp;&nbsp;&nbsp;&nbsp;&nbsp;&nbsp;&nbsp;&nbsp;&nbsp;&nbsp;&nbsp;&nbsp;&nbsp;&nbsp;&nbsp;&nbsp;&nbsp;&nbsp;&nbsp;&nbsp;&nbsp;&nbsp; &nbsp;<br>&nbsp;&nbsp;&nbsp; Huaiping Zhu - York University (Lead organizer)<\/p>\n\n\n\n<p><strong>Webinar IT support:<\/strong>&nbsp;Bertland Imai, Steven Chen,&nbsp; Grant McNair<\/p>\n\n\n\n<p><strong>CDM York Local organizing Team:<\/strong>Jane Heffernan, Jude Kong, Pei Yuan, Elena Aruffo,Tingting Zheng,Juan Li, Qi Li, Yi Tan, Raad Angie, Jun Li, Huaiping Zhu<\/p>\n\n\n\n<h2 class=\"wp-block-heading\">Lectures<\/h2>\n\n\n\n<div class=\"wp-block-buttons is-layout-flex wp-block-buttons-is-layout-flex\">\n<div class=\"wp-block-button\"><a class=\"wp-block-button__link has-very-light-gray-color has-vivid-red-background-color has-text-color has-background\" href=\"https:\/\/www.yorku.ca\/science\/cdm\/lectures\/pandemics-in-film-unraveling-mathematical-modeling\/\">Lecture 18 Pandemics in film: unraveling mathematical modeling<\/a><\/div>\n<\/div>\n\n\n\n<p><strong>Speaker<\/strong>:&nbsp; Dr Jacques Belair (Universite de Montreal)<strong>&nbsp;&nbsp;&nbsp;&nbsp;&nbsp;&nbsp;&nbsp;&nbsp;&nbsp;<\/strong><\/p>\n\n\n\n<p><strong>Date, Time:&nbsp;<\/strong>Thursday, August 27, 2020 8:30 pm \u2013 9:30 pm (EST)<\/p>\n\n\n\n<div class=\"wp-block-buttons is-layout-flex wp-block-buttons-is-layout-flex\">\n<div class=\"wp-block-button\"><a class=\"wp-block-button__link has-vivid-red-background-color has-background\" href=\"https:\/\/www.yorku.ca\/science\/cdm\/lectures\/early-warning-and-long-term-prediction-of-covid-19-infection-in-china-model-data-based-analyses\/\">Lecture 17 Early warning and long-term prediction of COVID-19 infection in China: model\/data-based analyses<\/a><\/div>\n<\/div>\n\n\n\n<p><strong>Speaker<\/strong>:&nbsp; Dr Sanyi Tang, (Shaanxi Normal University)<strong>&nbsp;&nbsp;&nbsp;&nbsp;&nbsp;&nbsp;&nbsp;&nbsp;&nbsp; <\/strong><\/p>\n\n\n\n<p><strong>Date, Time:&nbsp;<\/strong>Thursday, August 20, 2020 8:30 pm \u2013 9:30 pm (EST)<\/p>\n\n\n\n<div class=\"wp-block-buttons is-layout-flex wp-block-buttons-is-layout-flex\">\n<div class=\"wp-block-button\"><a class=\"wp-block-button__link has-vivid-red-background-color has-background\" href=\"https:\/\/www.yorku.ca\/science\/cdm\/lectures\/on-the-prediction-evaluation-and-simulation-of-epidemic-dynamics-of-covid-19\/\">Lecture 16 On the prediction, evaluation, and simulation of epidemic dynamics of COVID-19<\/a><\/div>\n<\/div>\n\n\n\n<p><strong>Speaker<\/strong>:&nbsp; Dr Wei Lin, (Fudan University, China)<strong>&nbsp;&nbsp;&nbsp;&nbsp;&nbsp;&nbsp;&nbsp;&nbsp;&nbsp; <\/strong><\/p>\n\n\n\n<p><strong>Date, Time:&nbsp;<\/strong>Thursday, August 13, 2020 8:30 pm \u2013 9:30 pm (EST)<\/p>\n\n\n\n<div class=\"wp-block-buttons is-layout-flex wp-block-buttons-is-layout-flex\">\n<div class=\"wp-block-button\"><a class=\"wp-block-button__link has-vivid-red-background-color has-background\" href=\"https:\/\/www.yorku.ca\/science\/cdm\/lectures\/spatial-modelling-and-analysis-of-the-spread-of-covid-19-in-china-spatial-effect-and-indirect-transmission\/\">Lecture 15 Spatial modelling and analysis of the spread of COVID-19 in China: Spatial effect and indirect transmission<\/a><\/div>\n<\/div>\n\n\n\n<p><strong>Speaker<\/strong>:&nbsp; Dr Wendi Wang, (School of Mathematics and Statistics, Southwest University, China)<strong>&nbsp;&nbsp;&nbsp;&nbsp;&nbsp;&nbsp;&nbsp;&nbsp;&nbsp; <\/strong><\/p>\n\n\n\n<p><strong>Date, Time:&nbsp;<\/strong>Thursday, August 6, 2020 8:30 pm \u2013 9:30 pm (EST)<\/p>\n\n\n\n<div class=\"wp-block-buttons is-layout-flex wp-block-buttons-is-layout-flex\">\n<div class=\"wp-block-button\"><a class=\"wp-block-button__link has-vivid-red-background-color has-background\" href=\"https:\/\/www.yorku.ca\/science\/cdm\/lectures\/lifting-mobility-restrictions-super-spreading-events-and-control-of-the-short-term-dynamics-of-covid-19-in-mexico\/\">Lecture 14 Lifting mobility restrictions, super-spreading events and control of the short-term dynamics of COVID-19 in Mexico<\/a><\/div>\n<\/div>\n\n\n\n<p><strong>Speaker:<\/strong>&nbsp; Dr Jorge Velasco Hernandez (Instituto de Matematicas Unidad Juriquilla Queretaro, Mexico)<strong>&nbsp;&nbsp;&nbsp;&nbsp;&nbsp;&nbsp;&nbsp;&nbsp;&nbsp; <\/strong><\/p>\n\n\n\n<p><strong>Date, Time:&nbsp;<\/strong>Thursday, July 30, 2020 8:30 pm \u2013 9:30 pm (EST)<\/p>\n\n\n\n<div class=\"wp-block-buttons is-layout-flex wp-block-buttons-is-layout-flex\">\n<div class=\"wp-block-button\"><a class=\"wp-block-button__link has-vivid-red-background-color has-background\" href=\"https:\/\/www.yorku.ca\/science\/cdm\/lectures\/predictive-modelling-of-covid-19-in-canada-to-inform-public-health-measures\/\">Lecture 13 Predictive modelling of COVID-19 in Canada to inform public health measures<\/a><\/div>\n<\/div>\n\n\n\n<p><strong>Speaker<\/strong>:&nbsp; Dr.&nbsp;<strong>Nick Ogden<\/strong>, Director, Public Health Risk Sciences Division National Microbiology Laboratory (NML) Public Health Agency of Canada (PHAC)<strong>&nbsp;&nbsp;&nbsp;&nbsp;&nbsp;&nbsp;&nbsp;&nbsp;&nbsp; <\/strong><\/p>\n\n\n\n<p><strong>Date, Time:&nbsp;<\/strong>Thursday, July 23, 2020 8:30 pm \u2013 9:30 pm (EST)<\/p>\n\n\n\n<div class=\"wp-block-buttons is-layout-flex wp-block-buttons-is-layout-flex\">\n<div class=\"wp-block-button\"><a class=\"wp-block-button__link has-vivid-red-background-color has-background\" href=\"https:\/\/www.yorku.ca\/science\/cdm\/lectures\/real-time-epi-and-acute-care-need-monitoring-forecasting-for-covid-19-sequential-monte-carlo-leveraged-transmission-models\/\">Lecture 12 Real-time epi and acute care need monitoring\/forecasting for COVID-19: Sequential Monte Carlo-leveraged transmission models<\/a><\/div>\n<\/div>\n\n\n\n<p><strong>Speaker<\/strong>:&nbsp; Dr.&nbsp;<strong>Nathaniel Osgood<\/strong>, University of Saskatchewan<strong>&nbsp;&nbsp;&nbsp;&nbsp;&nbsp;&nbsp;&nbsp;&nbsp;&nbsp; <\/strong><\/p>\n\n\n\n<p><strong>Date, Time:&nbsp;<\/strong>Friday, July 17, 2020 8:30 pm \u2013 9:30 pm (EST)<\/p>\n\n\n\n<div class=\"wp-block-buttons is-layout-flex wp-block-buttons-is-layout-flex\">\n<div class=\"wp-block-button\"><a class=\"wp-block-button__link has-vivid-red-background-color has-background\" href=\"https:\/\/www.yorku.ca\/science\/cdm\/lectures\/from-the-black-death-to-covid-19-analyzing-the-past-and-forecasting-the-future\/\">Lecture 11 From the Black Death to COVID-19: Analyzing the past and forecasting the future <\/a><\/div>\n<\/div>\n\n\n\n<p><strong>Speaker<\/strong>:&nbsp; Dr.&nbsp;<strong>David Earn<\/strong>, Mathematics &amp; Statistics, McMaster University<\/p>\n\n\n\n<p><strong>Date, Time:<\/strong>&nbsp; Friday, July 10, 2020 8:30 pm \u2013 9:30 pm (EST)<\/p>\n\n\n\n<div class=\"wp-block-buttons is-layout-flex wp-block-buttons-is-layout-flex\">\n<div class=\"wp-block-button\"><a class=\"wp-block-button__link has-vivid-red-background-color has-background\" href=\"https:\/\/www.yorku.ca\/science\/cdm\/lectures\/staggered-release-policies-for-covid-19-control-costs-and-benefits-of-relaxing-restrictions-by-age-and-risk\/\">Lecture 10 Staggered Release Policies for COVID-19 Control: Costs and Benefits of Relaxing Restrictions by Age and Risk<\/a><\/div>\n<\/div>\n\n\n\n<p><strong>Speaker<\/strong>:&nbsp;&nbsp;Dr. Zhilan Feng, Department of Mathematics, Purdue University,Mathematical Biology Program, DMS, National Science Foundation, USA<strong>&nbsp; &nbsp; &nbsp; &nbsp; &nbsp; <\/strong><\/p>\n\n\n\n<p><strong>Date, Time:<\/strong>&nbsp;Friday, July 3, 2020 8:30 pm \u2013 9:30 pm (EST)<\/p>\n\n\n\n<div class=\"wp-block-buttons is-layout-flex wp-block-buttons-is-layout-flex\">\n<div class=\"wp-block-button\"><a class=\"wp-block-button__link has-vivid-red-background-color has-background\" href=\"https:\/\/www.yorku.ca\/science\/cdm\/lectures\/evolving-epidemiology-of-covid-19-in-different-regions-of-china\/\">Lecture 9 Evolving epidemiology of COVID-19 in different regions of China<\/a><\/div>\n<\/div>\n\n\n\n<p><strong>Speaker<\/strong>:&nbsp;Dr. Hongjie Yu, School of Public Health, Fudan University<\/p>\n\n\n\n<p><strong>Date, Time:<\/strong> Friday, June 26, 2020 8:30 pm \u2013 9:30 pm (EST)<\/p>\n\n\n\n<div class=\"wp-block-buttons is-layout-flex wp-block-buttons-is-layout-flex\">\n<div class=\"wp-block-button\"><a class=\"wp-block-button__link has-vivid-red-background-color has-background\" href=\"https:\/\/www.yorku.ca\/science\/cdm\/lectures\/several-spatial-epidemic-models-in-a-heterogeneous-environment-with-applications-to-covid-19\/\">Lecture 8 Several spatial epidemic models in a heterogeneous environment with applications to COVID-19<\/a><\/div>\n<\/div>\n\n\n\n<p><strong>Speaker<\/strong>:&nbsp;Dr. Yuan Lou, Department of Mathematics, Ohio State University<\/p>\n\n\n\n<p><strong>Date, Time:<\/strong> Friday, June 19, 2020 8:30 pm \u2013 9:30 pm (EST)<\/p>\n\n\n\n<div class=\"wp-block-buttons is-layout-flex wp-block-buttons-is-layout-flex\">\n<div class=\"wp-block-button\"><a class=\"wp-block-button__link has-vivid-red-background-color has-background\" href=\"https:\/\/www.yorku.ca\/science\/cdm\/lectures\/towards-epidemiological-intelligence-modeling-based-analytics-combating-covid-19\/\">Lecture 7 Towards Epidemiological Intelligence: modeling based analytics combating COVID-19<\/a><\/div>\n<\/div>\n\n\n\n<p><strong>Speaker<\/strong>:&nbsp;Xiaonong Zhou, Professor, Director National Institute of Parasitic Diseases at Chinese Center of Disease Control and Prevention &amp; Chinese Center for Tropical<\/p>\n\n\n\n<p><strong>Date, Time:<\/strong> Friday, June 12, 2020 8:30 pm \u2013 9:30 pm (EST)<\/p>\n\n\n\n<div class=\"wp-block-buttons is-layout-flex wp-block-buttons-is-layout-flex\">\n<div class=\"wp-block-button\"><a class=\"wp-block-button__link has-vivid-red-background-color has-background\" href=\"https:\/\/www.yorku.ca\/science\/cdm\/lectures\/mathematical-models-for-covid-19-are-not-crystal-balls-however\/\">Lecture 6 Mathematical models for COVID-19 are not crystal balls. However\u2026<\/a><\/div>\n<\/div>\n\n\n\n<p><strong>Speaker<\/strong>:&nbsp;Dr. Daniel Coombs,&nbsp; Mathematics, University of British Columbia<\/p>\n\n\n\n<p><strong>Date, Time:<\/strong> Saturday June 6, 2020 8:30 pm \u2013 9:30 pm (EST)<\/p>\n\n\n\n<div class=\"wp-block-buttons is-layout-flex wp-block-buttons-is-layout-flex\">\n<div class=\"wp-block-button\"><a class=\"wp-block-button__link has-vivid-red-background-color has-background\" href=\"https:\/\/www.yorku.ca\/science\/cdm\/lectures\/how-safe-is-re-opening-real-time-modelling-and-resurgence-risk-in-covid-19\/\">Lecture 5 How safe is re-opening? Real time modelling and resurgence risk in COVID-19<\/a><\/div>\n<\/div>\n\n\n\n<p><strong>Speaker<\/strong>:&nbsp;Dr. Caroline Colijn, Mathematics and Statistics, Simon Fraser University<\/p>\n\n\n\n<p><strong>Date, Time:<\/strong> Saturday May 30, 2020 8:30 pm \u2013 9:30 pm (EST)<\/p>\n\n\n\n<div class=\"wp-block-buttons is-layout-flex wp-block-buttons-is-layout-flex\">\n<div class=\"wp-block-button\"><a class=\"wp-block-button__link has-vivid-red-background-color has-background\" href=\"https:\/\/www.yorku.ca\/science\/cdm\/lectures\/covid-19-transmission-characteristics-implications-to-mathematical-modelling\/\">Lecture 4 COVID-19 transmission characteristics: Implications to mathematical modelling<\/a><\/div>\n<\/div>\n\n\n\n<p><strong>Speaker<\/strong>:&nbsp;Dr. Junling Ma Mathematics and Statistics University of Victoria<\/p>\n\n\n\n<p><strong>Date, Time:<\/strong> Saturday May 23, 2020 8:30 pm \u2013 9:30 pm (EST)<\/p>\n\n\n\n<div class=\"wp-block-buttons is-layout-flex wp-block-buttons-is-layout-flex\">\n<div class=\"wp-block-button\"><a class=\"wp-block-button__link has-vivid-red-background-color has-background\" href=\"https:\/\/www.yorku.ca\/science\/cdm\/lectures\/transmission-of-respiratory-diseases\/\">Lecture 3 Transmission of respiratory diseases<\/a><\/div>\n<\/div>\n\n\n\n<p><strong>Speaker<\/strong>:&nbsp;Prof. Lydia Bourouiba, The Fluid Dynamics of Disease Transmission Laboratory, MIT<\/p>\n\n\n\n<p><strong>Date, Time:<\/strong>Saturday May 16, 2020 8:30 pm \u2013 9:30 pm (EST)<\/p>\n\n\n\n<div class=\"wp-block-buttons is-layout-flex wp-block-buttons-is-layout-flex\">\n<div class=\"wp-block-button\"><a class=\"wp-block-button__link has-vivid-red-background-color has-background\" href=\"https:\/\/www.yorku.ca\/science\/cdm\/lectures\/nonidentifiability-in-data-driven-parameter-estimation\/\">Lecture 2 Nonidentifiability in data-driven parameter estimation<\/a><\/div>\n<\/div>\n\n\n\n<p><strong>Speaker<\/strong>:&nbsp;Dr. Michael Li Department of Mathematics, University of Alberta<\/p>\n\n\n\n<p><strong>Date, Time<\/strong>:&nbsp;Friday, May 8, 2020 -&nbsp;20:30&nbsp;to&nbsp;21:30 (EST)<\/p>\n\n\n\n<div class=\"wp-block-buttons is-layout-flex wp-block-buttons-is-layout-flex\">\n<div class=\"wp-block-button\"><a class=\"wp-block-button__link has-vivid-red-background-color has-background\" href=\"https:\/\/www.yorku.ca\/science\/cdm\/lectures\/what-models-can-and-cannot-predict-about-the-current-covid-19-pandemic\/\">Lecture 1 What models can and cannot predict about the current COVID-19 pandemic<\/a><\/div>\n<\/div>\n\n\n\n<p><strong>Speaker<\/strong>:&nbsp;Dr. Mac Hyman, Department of Mathematics, Tulane University<\/p>\n\n\n\n<p><strong>Date, Time<\/strong>:&nbsp;Thursday, April 30, 2020 -&nbsp;20:00&nbsp;to&nbsp;21:00 (EST)<\/p>\n","protected":false},"excerpt":{"rendered":"<p>About the lecture series To promote the application of mathematics and mathematical modelling in combating COVID-19, the Centre for Disease Modeling (CDM) together with the Chinese Society for Mathematical Biology (CSMB) has launched a weekly distinguished lecture series, \u201cMathematics and COVID-19\u201d.&nbsp; There will be 16 distinguished speakers to present topics that will cover and examine [&hellip;]<\/p>\n","protected":false},"author":346,"featured_media":0,"parent":210,"menu_order":0,"comment_status":"closed","ping_status":"closed","template":"","meta":{"_kad_blocks_custom_css":"","_kad_blocks_head_custom_js":"","_kad_blocks_body_custom_js":"","_kad_blocks_footer_custom_js":"","ngg_post_thumbnail":0,"footnotes":""},"tags":[],"class_list":["post-201","page","type-page","status-publish","hentry"],"taxonomy_info":[],"featured_image_src_large":false,"author_info":{"display_name":"yuanpei","author_link":"https:\/\/www.yorku.ca\/science\/cdm\/author\/yuanpei\/"},"comment_info":0,"_links":{"self":[{"href":"https:\/\/www.yorku.ca\/science\/cdm\/wp-json\/wp\/v2\/pages\/201","targetHints":{"allow":["GET"]}}],"collection":[{"href":"https:\/\/www.yorku.ca\/science\/cdm\/wp-json\/wp\/v2\/pages"}],"about":[{"href":"https:\/\/www.yorku.ca\/science\/cdm\/wp-json\/wp\/v2\/types\/page"}],"author":[{"embeddable":true,"href":"https:\/\/www.yorku.ca\/science\/cdm\/wp-json\/wp\/v2\/users\/346"}],"replies":[{"embeddable":true,"href":"https:\/\/www.yorku.ca\/science\/cdm\/wp-json\/wp\/v2\/comments?post=201"}],"version-history":[{"count":16,"href":"https:\/\/www.yorku.ca\/science\/cdm\/wp-json\/wp\/v2\/pages\/201\/revisions"}],"predecessor-version":[{"id":1108,"href":"https:\/\/www.yorku.ca\/science\/cdm\/wp-json\/wp\/v2\/pages\/201\/revisions\/1108"}],"up":[{"embeddable":true,"href":"https:\/\/www.yorku.ca\/science\/cdm\/wp-json\/wp\/v2\/pages\/210"}],"wp:attachment":[{"href":"https:\/\/www.yorku.ca\/science\/cdm\/wp-json\/wp\/v2\/media?parent=201"}],"wp:term":[{"taxonomy":"post_tag","embeddable":true,"href":"https:\/\/www.yorku.ca\/science\/cdm\/wp-json\/wp\/v2\/tags?post=201"}],"curies":[{"name":"wp","href":"https:\/\/api.w.org\/{rel}","templated":true}]}}